{"id":509,"date":"2025-11-17T13:27:51","date_gmt":"2025-11-17T13:27:51","guid":{"rendered":"https:\/\/convert.ba\/staging\/wordpress\/?page_id=509"},"modified":"2025-11-19T13:23:42","modified_gmt":"2025-11-19T13:23:42","slug":"o-nama","status":"publish","type":"page","link":"https:\/\/convert.ba\/index.php\/o-nama\/","title":{"rendered":"O nama"},"content":{"rendered":"\t\t<div data-elementor-type=\"wp-page\" data-elementor-id=\"509\" class=\"elementor elementor-509\" data-elementor-post-type=\"page\">\n\t\t\t\t<div class=\"elementor-element elementor-element-d9f4ccb e-flex e-con-boxed e-con e-parent\" data-id=\"d9f4ccb\" data-element_type=\"container\" data-settings=\"{&quot;background_background&quot;:&quot;classic&quot;}\">\n\t\t\t\t\t<div class=\"e-con-inner\">\n\t\t<div class=\"elementor-element elementor-element-1923837 e-con-full e-flex e-con e-child\" data-id=\"1923837\" data-element_type=\"container\">\n\t\t<div class=\"elementor-element elementor-element-628c994 e-con-full e-flex elementor-invisible e-con e-child\" data-id=\"628c994\" data-element_type=\"container\" data-settings=\"{&quot;background_background&quot;:&quot;classic&quot;,&quot;animation&quot;:&quot;fadeInUp&quot;}\">\n\t\t<div class=\"elementor-element elementor-element-ed35b12 e-con-full e-flex e-con e-child\" data-id=\"ed35b12\" data-element_type=\"container\">\n\t\t\t\t<div class=\"elementor-element elementor-element-89aa1a0 elementor-widget elementor-widget-heading\" data-id=\"89aa1a0\" data-element_type=\"widget\" data-widget_type=\"heading.default\">\n\t\t\t\t\t<h1 class=\"elementor-heading-title elementor-size-default\">Convert d.o.o.<\/h1>\t\t\t\t<\/div>\n\t\t\t\t<div class=\"elementor-element elementor-element-587eea7 elementor-widget elementor-widget-heading\" data-id=\"587eea7\" data-element_type=\"widget\" data-widget_type=\"heading.default\">\n\t\t\t\t\t<h4 class=\"elementor-heading-title elementor-size-default\">O Nama<\/h4>\t\t\t\t<\/div>\n\t\t\t\t<\/div>\n\t\t\t\t<\/div>\n\t\t\t\t<\/div>\n\t\t\t\t\t<\/div>\n\t\t\t\t<\/div>\n\t\t<div class=\"elementor-element elementor-element-fd4fc77 e-flex e-con-boxed e-con e-parent\" data-id=\"fd4fc77\" data-element_type=\"container\">\n\t\t\t\t\t<div class=\"e-con-inner\">\n\t\t<div class=\"elementor-element elementor-element-591cc68 e-con-full e-flex elementor-invisible e-con e-child\" data-id=\"591cc68\" data-element_type=\"container\" data-settings=\"{&quot;animation&quot;:&quot;fadeInLeft&quot;}\">\n\t\t\t\t<div class=\"elementor-element elementor-element-d6063ae elementor-hidden-tablet elementor-hidden-mobile elementor-widget elementor-widget-image\" data-id=\"d6063ae\" data-element_type=\"widget\" data-widget_type=\"image.default\">\n\t\t\t\t\t\t\t\t\t\t\t\t\t\t\t<img fetchpriority=\"high\" decoding=\"async\" width=\"2560\" height=\"1708\" src=\"https:\/\/convert.ba\/wp-content\/uploads\/2025\/11\/AdobeStock_459596249-scaled.jpeg\" class=\"attachment-full size-full wp-image-553\" alt=\"\" srcset=\"https:\/\/convert.ba\/wp-content\/uploads\/2025\/11\/AdobeStock_459596249-scaled.jpeg 2560w, https:\/\/convert.ba\/wp-content\/uploads\/2025\/11\/AdobeStock_459596249-300x200.jpeg 300w, https:\/\/convert.ba\/wp-content\/uploads\/2025\/11\/AdobeStock_459596249-1024x683.jpeg 1024w, https:\/\/convert.ba\/wp-content\/uploads\/2025\/11\/AdobeStock_459596249-768x512.jpeg 768w, https:\/\/convert.ba\/wp-content\/uploads\/2025\/11\/AdobeStock_459596249-1536x1025.jpeg 1536w, https:\/\/convert.ba\/wp-content\/uploads\/2025\/11\/AdobeStock_459596249-2048x1366.jpeg 2048w, https:\/\/convert.ba\/wp-content\/uploads\/2025\/11\/AdobeStock_459596249-600x400.jpeg 600w\" sizes=\"(max-width: 2560px) 100vw, 2560px\" \/>\t\t\t\t\t\t\t\t\t\t\t\t\t\t\t<\/div>\n\t\t\t\t<\/div>\n\t\t<div class=\"elementor-element elementor-element-7b8ce1e e-con-full e-flex elementor-invisible e-con e-child\" data-id=\"7b8ce1e\" data-element_type=\"container\" data-settings=\"{&quot;background_background&quot;:&quot;classic&quot;,&quot;animation&quot;:&quot;fadeInRight&quot;}\">\n\t\t\t\t<div class=\"elementor-element elementor-element-1181577 elementor-widget elementor-widget-heading\" data-id=\"1181577\" data-element_type=\"widget\" data-widget_type=\"heading.default\">\n\t\t\t\t\t<h6 class=\"elementor-heading-title elementor-size-default\">O nama<\/h6>\t\t\t\t<\/div>\n\t\t\t\t<div class=\"elementor-element elementor-element-ea8f4d0 elementor-widget elementor-widget-heading\" data-id=\"ea8f4d0\" data-element_type=\"widget\" data-widget_type=\"heading.default\">\n\t\t\t\t\t<h2 class=\"elementor-heading-title elementor-size-default\">CONVERT D.O.O<\/h2>\t\t\t\t<\/div>\n\t\t\t\t<div class=\"elementor-element elementor-element-4749ab7 elementor-widget elementor-widget-text-editor\" data-id=\"4749ab7\" data-element_type=\"widget\" data-widget_type=\"text-editor.default\">\n\t\t\t\t\t\t\t\t\t<p>Tako\u0111er se bavimo prodajom profesionalnih hemijskih sr\u0435dstava i pribora za \u010di\u0161\u0107enje i odr\u017eavanje higijene u proizvodnim, poslovnim i \u017eivotnim prostorima, ugradnjom i servisiranjem svih vrsta dr\u017ea\u010da potro\u0161nog toaletnog i higijenskog materijala, kao i prodajom mnogih drugih potro\u0161nih proizvoda vezanih za higijenu.<\/p><p>Na\u0161i proizvodi uveliko doprinose pobolj\u0161anju higijene ruku, radnih povr\u0161ina i javnih prostora, koja svima donosi korist u zdravlju, produktivnosti, boljem poslovanju i smanjenom zdravstvenom odsustvu radnika sa radnog mjesta.<\/p><p>\u017delimo postati vode\u0107i proizvo\u0111a\u010d papirne konfekcije kako za profesionalne namjene (AFH \u2013 Away From Home segment) tako i za privatnu upotrebu u BiH, a tako\u0111er pro\u0161iriti postoje\u0107u prodaju u zemljama regiona.<\/p><p>Prilago\u0111avanjem potrebama kupaca, investiranjem u nove proizvodne pogone i skladi\u0161ne kapacitete, educiranjem radnika i menad\u017ementa, \u017eelimo stvarati proizvode visoke kvalitete, koji \u0107e pri upotrebi \u201cbiti na visini zadatka\u201d i time konstantno \u0161iriti krug na\u0161ih zadovoljnih kupaca.<\/p><p>\u017delimo postati prepoznatljiv brand u ovom segmentu tr\u017ei\u0161ta i po\u017eeljna robna marka.<\/p><p>\u017delimo kreirati kvalitetne doma\u0107e proizvode koji \u0107e kvalitetom i cijenom zamijeniti uvozne proizvode.<\/p>\t\t\t\t\t\t\t\t<\/div>\n\t\t\t\t<\/div>\n\t\t\t\t\t<\/div>\n\t\t\t\t<\/div>\n\t\t<div class=\"elementor-element elementor-element-863df7e e-flex e-con-boxed e-con e-parent\" data-id=\"863df7e\" data-element_type=\"container\" data-settings=\"{&quot;background_background&quot;:&quot;classic&quot;}\">\n\t\t\t\t\t<div class=\"e-con-inner\">\n\t\t<div class=\"elementor-element elementor-element-3d41a8f e-con-full e-flex elementor-invisible e-con e-child\" data-id=\"3d41a8f\" data-element_type=\"container\" data-settings=\"{&quot;background_background&quot;:&quot;classic&quot;,&quot;animation&quot;:&quot;fadeInLeft&quot;}\">\n\t\t\t\t<div class=\"elementor-element elementor-element-b459041 elementor-widget elementor-widget-heading\" data-id=\"b459041\" data-element_type=\"widget\" data-widget_type=\"heading.default\">\n\t\t\t\t\t<h2 class=\"elementor-heading-title elementor-size-default\">Kvalitet koji se osje\u0107a<\/h2>\t\t\t\t<\/div>\n\t\t\t\t<div class=\"elementor-element elementor-element-4ba96f8 elementor-widget elementor-widget-text-editor\" data-id=\"4ba96f8\" data-element_type=\"widget\" data-widget_type=\"text-editor.default\">\n\t\t\t\t\t\t\t\t\t<p>Na\u0161i proizvodi uveliko doprinose pobolj\u0161anju higijene ruku, radnih povr\u0161ina i javnih prostora, \u0161to donosi korist u zdravlju, produktivnosti, boljem poslovanju i smanjenom zdravstvenom odsustvu radnika.<\/p>\t\t\t\t\t\t\t\t<\/div>\n\t\t\t\t<div class=\"elementor-element elementor-element-bb5aa48 elementor-position-left elementor-mobile-position-left elementor-view-default elementor-widget elementor-widget-icon-box\" data-id=\"bb5aa48\" data-element_type=\"widget\" data-widget_type=\"icon-box.default\">\n\t\t\t\t\t\t\t<div class=\"elementor-icon-box-wrapper\">\n\n\t\t\t\t\t\t<div class=\"elementor-icon-box-icon\">\n\t\t\t\t<span  class=\"elementor-icon\">\n\t\t\t\t<i aria-hidden=\"true\" class=\"mdi mdi-lightbulb-on-outline\"><\/i>\t\t\t\t<\/span>\n\t\t\t<\/div>\n\t\t\t\n\t\t\t\t\t\t<div class=\"elementor-icon-box-content\">\n\n\t\t\t\t\t\t\t\t\t<div class=\"elementor-icon-box-title\">\n\t\t\t\t\t\t<span  >\n\t\t\t\t\t\t\tVizija\t\t\t\t\t\t<\/span>\n\t\t\t\t\t<\/div>\n\t\t\t\t\n\t\t\t\t\t\t\t\t\t<p class=\"elementor-icon-box-description\">\n\t\t\t\t\t\tPostati prepoznatljiv brend u segmentu papirne konfekcije i po\u017eeljna robna marka u BiH, te pro\u0161iriti prodaju u zemlje regiona.\n\u017delimo da na\u0161i proizvodi zamijene uvozne proizvode svojom kvalitetom i cijenom.\t\t\t\t\t<\/p>\n\t\t\t\t\n\t\t\t<\/div>\n\t\t\t\n\t\t<\/div>\n\t\t\t\t\t\t<\/div>\n\t\t\t\t<div class=\"elementor-element elementor-element-ee65863 elementor-position-left elementor-mobile-position-left elementor-view-default elementor-widget elementor-widget-icon-box\" data-id=\"ee65863\" data-element_type=\"widget\" data-widget_type=\"icon-box.default\">\n\t\t\t\t\t\t\t<div class=\"elementor-icon-box-wrapper\">\n\n\t\t\t\t\t\t<div class=\"elementor-icon-box-icon\">\n\t\t\t\t<span  class=\"elementor-icon\">\n\t\t\t\t<i aria-hidden=\"true\" class=\"mdi mdi-autorenew\"><\/i>\t\t\t\t<\/span>\n\t\t\t<\/div>\n\t\t\t\n\t\t\t\t\t\t<div class=\"elementor-icon-box-content\">\n\n\t\t\t\t\t\t\t\t\t<div class=\"elementor-icon-box-title\">\n\t\t\t\t\t\t<span  >\n\t\t\t\t\t\t\tMisija\t\t\t\t\t\t<\/span>\n\t\t\t\t\t<\/div>\n\t\t\t\t\n\t\t\t\t\t\t\t\t\t<p class=\"elementor-icon-box-description\">\n\t\t\t\t\t\tStvaranje visokokvalitetnih proizvoda prilago\u0111enih potrebama kupaca kroz kontinuirano investiranje u nove proizvodne pogone, skladi\u0161ne kapacitete i edukaciju radnika.\nNa\u0161 cilj je konstantno \u0161irenje kruga zadovoljnih kupaca.\t\t\t\t\t<\/p>\n\t\t\t\t\n\t\t\t<\/div>\n\t\t\t\n\t\t<\/div>\n\t\t\t\t\t\t<\/div>\n\t\t\t\t<div class=\"elementor-element elementor-element-fd17395 elementor-position-left elementor-mobile-position-left elementor-view-default elementor-widget elementor-widget-icon-box\" data-id=\"fd17395\" data-element_type=\"widget\" data-widget_type=\"icon-box.default\">\n\t\t\t\t\t\t\t<div class=\"elementor-icon-box-wrapper\">\n\n\t\t\t\t\t\t<div class=\"elementor-icon-box-icon\">\n\t\t\t\t<span  class=\"elementor-icon\">\n\t\t\t\t<i aria-hidden=\"true\" class=\"mdi mdi-bookmark-outline\"><\/i>\t\t\t\t<\/span>\n\t\t\t<\/div>\n\t\t\t\n\t\t\t\t\t\t<div class=\"elementor-icon-box-content\">\n\n\t\t\t\t\t\t\t\t\t<div class=\"elementor-icon-box-title\">\n\t\t\t\t\t\t<span  >\n\t\t\t\t\t\t\tMoto\t\t\t\t\t\t<\/span>\n\t\t\t\t\t<\/div>\n\t\t\t\t\n\t\t\t\t\t\t\t\t\t<p class=\"elementor-icon-box-description\">\n\t\t\t\t\t\tKreiramo kvalitetne doma\u0107e proizvode koji svojim performansama i cijenom nadma\u0161uju uvozne alternative. Kreiramo kvalitetne doma\u0107e proizvode koji svojim performansama i cijenom nadma\u0161uju uvozne alternative.\t\t\t\t\t<\/p>\n\t\t\t\t\n\t\t\t<\/div>\n\t\t\t\n\t\t<\/div>\n\t\t\t\t\t\t<\/div>\n\t\t\t\t<\/div>\n\t\t<div class=\"elementor-element elementor-element-8c802f3 e-con-full e-flex elementor-invisible e-con e-child\" data-id=\"8c802f3\" data-element_type=\"container\" data-settings=\"{&quot;animation&quot;:&quot;fadeInRight&quot;}\">\n\t\t\t\t<div class=\"elementor-element elementor-element-6bf2a23 elementor-hidden-tablet elementor-hidden-mobile elementor-widget elementor-widget-image\" data-id=\"6bf2a23\" data-element_type=\"widget\" data-widget_type=\"image.default\">\n\t\t\t\t\t\t\t\t\t\t\t\t\t\t\t<img decoding=\"async\" width=\"2560\" height=\"1707\" src=\"https:\/\/convert.ba\/wp-content\/uploads\/2025\/11\/AdobeStock_817384845-scaled-1.jpeg\" class=\"attachment-full size-full wp-image-558\" alt=\"\" srcset=\"https:\/\/convert.ba\/wp-content\/uploads\/2025\/11\/AdobeStock_817384845-scaled-1.jpeg 2560w, https:\/\/convert.ba\/wp-content\/uploads\/2025\/11\/AdobeStock_817384845-scaled-1-300x200.jpeg 300w, https:\/\/convert.ba\/wp-content\/uploads\/2025\/11\/AdobeStock_817384845-scaled-1-1024x683.jpeg 1024w, https:\/\/convert.ba\/wp-content\/uploads\/2025\/11\/AdobeStock_817384845-scaled-1-768x512.jpeg 768w, https:\/\/convert.ba\/wp-content\/uploads\/2025\/11\/AdobeStock_817384845-scaled-1-1536x1024.jpeg 1536w, https:\/\/convert.ba\/wp-content\/uploads\/2025\/11\/AdobeStock_817384845-scaled-1-2048x1366.jpeg 2048w, https:\/\/convert.ba\/wp-content\/uploads\/2025\/11\/AdobeStock_817384845-scaled-1-600x400.jpeg 600w\" sizes=\"(max-width: 2560px) 100vw, 2560px\" \/>\t\t\t\t\t\t\t\t\t\t\t\t\t\t\t<\/div>\n\t\t\t\t<\/div>\n\t\t\t\t\t<\/div>\n\t\t\t\t<\/div>\n\t\t<div class=\"elementor-element elementor-element-1a22cdb e-flex e-con-boxed e-con e-parent\" data-id=\"1a22cdb\" data-element_type=\"container\">\n\t\t\t\t\t<div class=\"e-con-inner\">\n\t\t<div class=\"elementor-element elementor-element-13a900b e-con-full e-flex e-con e-child\" data-id=\"13a900b\" data-element_type=\"container\">\n\t\t<div class=\"elementor-element elementor-element-7a621ee e-con-full e-flex e-con e-child\" data-id=\"7a621ee\" data-element_type=\"container\">\n\t\t<div class=\"elementor-element elementor-element-25d5249 e-con-full e-flex elementor-invisible e-con e-child\" data-id=\"25d5249\" data-element_type=\"container\" data-settings=\"{&quot;background_background&quot;:&quot;classic&quot;,&quot;animation&quot;:&quot;fadeInLeft&quot;}\">\n\t\t\t\t<div class=\"elementor-element elementor-element-efc4036 elementor-widget elementor-widget-heading\" data-id=\"efc4036\" data-element_type=\"widget\" data-widget_type=\"heading.default\">\n\t\t\t\t\t<h6 class=\"elementor-heading-title elementor-size-default\">Kontaktirajte nas<\/h6>\t\t\t\t<\/div>\n\t\t\t\t<div class=\"elementor-element elementor-element-9443e8b elementor-widget elementor-widget-heading\" data-id=\"9443e8b\" data-element_type=\"widget\" data-widget_type=\"heading.default\">\n\t\t\t\t\t<h2 class=\"elementor-heading-title elementor-size-default\">Kontaktirajte na\u0161u prodaju<\/h2>\t\t\t\t<\/div>\n\t\t\t\t<div class=\"elementor-element elementor-element-e76e993 elementor-widget-divider--view-line elementor-widget elementor-widget-divider\" data-id=\"e76e993\" data-element_type=\"widget\" data-widget_type=\"divider.default\">\n\t\t\t\t\t\t\t<div class=\"elementor-divider\">\n\t\t\t<span class=\"elementor-divider-separator\">\n\t\t\t\t\t\t<\/span>\n\t\t<\/div>\n\t\t\t\t\t\t<\/div>\n\t\t\t\t<div class=\"elementor-element elementor-element-0e99f4f elementor-widget elementor-widget-text-editor\" data-id=\"0e99f4f\" data-element_type=\"widget\" data-widget_type=\"text-editor.default\">\n\t\t\t\t\t\t\t\t\t<p>Na\u0161 tim za prodaju stoji vam na raspolaganju za sva pitanja, savjete i podr\u0161ku prilikom va\u0161ih kupovina. Posve\u0107eni smo tome da vam pru\u017eimo najbolju mogu\u0107u uslugu i pomognemo vam prona\u0107i proizvode koji odgovaraju va\u0161im potrebama.<\/p>\t\t\t\t\t\t\t\t<\/div>\n\t\t\t\t<div class=\"elementor-element elementor-element-802c5ad elementor-widget elementor-widget-heading\" data-id=\"802c5ad\" data-element_type=\"widget\" data-widget_type=\"heading.default\">\n\t\t\t\t\t<h4 class=\"elementor-heading-title elementor-size-default\">info@convert.ba\n<\/h4>\t\t\t\t<\/div>\n\t\t\t\t<div class=\"elementor-element elementor-element-b2ed6be elementor-widget elementor-widget-heading\" data-id=\"b2ed6be\" data-element_type=\"widget\" data-widget_type=\"heading.default\">\n\t\t\t\t\t<h4 class=\"elementor-heading-title elementor-size-default\">+387 33 922 170<br>+387 33 762 171<\/h4>\t\t\t\t<\/div>\n\t\t\t\t<div class=\"elementor-element elementor-element-cbd21b4 elementor-align-left elementor-widget elementor-widget-button\" data-id=\"cbd21b4\" data-element_type=\"widget\" data-widget_type=\"button.default\">\n\t\t\t\t\t\t\t\t\t\t<a class=\"elementor-button elementor-button-link elementor-size-md\" href=\"https:\/\/www.convert.ba\/index.php\/kontakt\/\">\n\t\t\t\t\t\t<span class=\"elementor-button-content-wrapper\">\n\t\t\t\t\t\t<span class=\"elementor-button-icon\">\n\t\t\t\t<svg aria-hidden=\"true\" class=\"e-font-icon-svg e-fas-phone-alt\" viewBox=\"0 0 512 512\" xmlns=\"http:\/\/www.w3.org\/2000\/svg\"><path d=\"M497.39 361.8l-112-48a24 24 0 0 0-28 6.9l-49.6 60.6A370.66 370.66 0 0 1 130.6 204.11l60.6-49.6a23.94 23.94 0 0 0 6.9-28l-48-112A24.16 24.16 0 0 0 122.6.61l-104 24A24 24 0 0 0 0 48c0 256.5 207.9 464 464 464a24 24 0 0 0 23.4-18.6l24-104a24.29 24.29 0 0 0-14.01-27.6z\"><\/path><\/svg>\t\t\t<\/span>\n\t\t\t\t\t\t\t\t\t<span class=\"elementor-button-text\">Nazovi nas<\/span>\n\t\t\t\t\t<\/span>\n\t\t\t\t\t<\/a>\n\t\t\t\t\t\t\t\t<\/div>\n\t\t\t\t<\/div>\n\t\t<div class=\"elementor-element elementor-element-d7372b5 e-con-full e-flex elementor-invisible e-con e-child\" data-id=\"d7372b5\" data-element_type=\"container\" data-settings=\"{&quot;background_background&quot;:&quot;classic&quot;,&quot;animation&quot;:&quot;fadeInRight&quot;}\">\n\t\t\t\t<div class=\"elementor-element elementor-element-a7c48d7 elementor-widget elementor-widget-heading\" data-id=\"a7c48d7\" data-element_type=\"widget\" data-widget_type=\"heading.default\">\n\t\t\t\t\t<h6 class=\"elementor-heading-title elementor-size-default\">ZAKA\u017dITE TERMIN<\/h6>\t\t\t\t<\/div>\n\t\t\t\t<div class=\"elementor-element elementor-element-e911853 elementor-widget elementor-widget-heading\" data-id=\"e911853\" data-element_type=\"widget\" data-widget_type=\"heading.default\">\n\t\t\t\t\t<h2 class=\"elementor-heading-title elementor-size-default\">Po\u0161aljite nam poruku<\/h2>\t\t\t\t<\/div>\n\t\t\t\t<div class=\"elementor-element elementor-element-0e80b28 elementor-button-align-stretch elementor-widget elementor-widget-form\" data-id=\"0e80b28\" data-element_type=\"widget\" data-settings=\"{&quot;step_next_label&quot;:&quot;Next&quot;,&quot;step_previous_label&quot;:&quot;Previous&quot;,&quot;button_width&quot;:&quot;100&quot;,&quot;step_type&quot;:&quot;number_text&quot;,&quot;step_icon_shape&quot;:&quot;circle&quot;}\" data-widget_type=\"form.default\">\n\t\t\t\t\t\t\t<form class=\"elementor-form\" method=\"post\" name=\"New Form\" aria-label=\"New Form\">\n\t\t\t<input type=\"hidden\" name=\"post_id\" value=\"509\"\/>\n\t\t\t<input type=\"hidden\" name=\"form_id\" value=\"0e80b28\"\/>\n\t\t\t<input type=\"hidden\" name=\"referer_title\" value=\"O nama\" \/>\n\n\t\t\t\t\t\t\t<input type=\"hidden\" name=\"queried_id\" value=\"509\"\/>\n\t\t\t\n\t\t\t<div class=\"elementor-form-fields-wrapper elementor-labels-above\">\n\t\t\t\t\t\t\t\t<div class=\"elementor-field-type-text elementor-field-group elementor-column elementor-field-group-name elementor-col-50\">\n\t\t\t\t\t\t\t\t\t\t\t\t<label for=\"form-field-name\" class=\"elementor-field-label\">\n\t\t\t\t\t\t\t\tIme i Prezime\t\t\t\t\t\t\t<\/label>\n\t\t\t\t\t\t\t\t\t\t\t\t\t\t<input size=\"1\" type=\"text\" name=\"form_fields[name]\" id=\"form-field-name\" class=\"elementor-field elementor-size-md  elementor-field-textual\" placeholder=\"Ime i Prezime\">\n\t\t\t\t\t\t\t\t\t\t\t<\/div>\n\t\t\t\t\t\t\t\t<div class=\"elementor-field-type-text elementor-field-group elementor-column elementor-field-group-field_b9bc4c4 elementor-col-50\">\n\t\t\t\t\t\t\t\t\t\t\t\t<label for=\"form-field-field_b9bc4c4\" class=\"elementor-field-label\">\n\t\t\t\t\t\t\t\tFirma\t\t\t\t\t\t\t<\/label>\n\t\t\t\t\t\t\t\t\t\t\t\t\t\t<input size=\"1\" type=\"text\" name=\"form_fields[field_b9bc4c4]\" id=\"form-field-field_b9bc4c4\" class=\"elementor-field elementor-size-md  elementor-field-textual\" placeholder=\"Naziv firme\">\n\t\t\t\t\t\t\t\t\t\t\t<\/div>\n\t\t\t\t\t\t\t\t<div class=\"elementor-field-type-tel elementor-field-group elementor-column elementor-field-group-field_e4d39ff elementor-col-50\">\n\t\t\t\t\t\t\t\t\t\t\t\t<label for=\"form-field-field_e4d39ff\" class=\"elementor-field-label\">\n\t\t\t\t\t\t\t\tTelefon\t\t\t\t\t\t\t<\/label>\n\t\t\t\t\t\t\t\t<input size=\"1\" type=\"tel\" name=\"form_fields[field_e4d39ff]\" id=\"form-field-field_e4d39ff\" class=\"elementor-field elementor-size-md  elementor-field-textual\" placeholder=\"Broj \" pattern=\"[0-9()#&amp;+*-=.]+\" title=\"Only numbers and phone characters (#, -, *, etc) are accepted.\">\n\n\t\t\t\t\t\t<\/div>\n\t\t\t\t\t\t\t\t<div class=\"elementor-field-type-email elementor-field-group elementor-column elementor-field-group-email elementor-col-50 elementor-field-required\">\n\t\t\t\t\t\t\t\t\t\t\t\t<label for=\"form-field-email\" class=\"elementor-field-label\">\n\t\t\t\t\t\t\t\tEmail\t\t\t\t\t\t\t<\/label>\n\t\t\t\t\t\t\t\t\t\t\t\t\t\t<input size=\"1\" type=\"email\" name=\"form_fields[email]\" id=\"form-field-email\" class=\"elementor-field elementor-size-md  elementor-field-textual\" placeholder=\"Email\" required=\"required\">\n\t\t\t\t\t\t\t\t\t\t\t<\/div>\n\t\t\t\t\t\t\t\t<div class=\"elementor-field-type-textarea elementor-field-group elementor-column elementor-field-group-message elementor-col-100\">\n\t\t\t\t\t\t\t\t\t\t\t\t<label for=\"form-field-message\" class=\"elementor-field-label\">\n\t\t\t\t\t\t\t\tPoruka\t\t\t\t\t\t\t<\/label>\n\t\t\t\t\t\t<textarea class=\"elementor-field-textual elementor-field  elementor-size-md\" name=\"form_fields[message]\" id=\"form-field-message\" rows=\"4\" placeholder=\"Tekst\"><\/textarea>\t\t\t\t<\/div>\n\t\t\t\t\t\t\t\t<div class=\"elementor-field-type-recaptcha_v3 elementor-field-group elementor-column elementor-field-group-field_eac7970 elementor-col-100 recaptcha_v3-bottomright\">\n\t\t\t\t\t<div class=\"elementor-field\" id=\"form-field-field_eac7970\"><div class=\"elementor-g-recaptcha\" data-sitekey=\"6LdN-RIsAAAAALvCvIS0HDMNSvMJIx68SipVVy5d\" data-type=\"v3\" data-action=\"Form\" data-badge=\"bottomright\" data-size=\"invisible\"><\/div><\/div>\t\t\t\t<\/div>\n\t\t\t\t\t\t\t\t<div class=\"elementor-field-group elementor-column elementor-field-type-submit elementor-col-100 e-form__buttons\">\n\t\t\t\t\t<button class=\"elementor-button elementor-size-md\" type=\"submit\">\n\t\t\t\t\t\t<span class=\"elementor-button-content-wrapper\">\n\t\t\t\t\t\t\t\t\t\t\t\t\t\t\t<span class=\"elementor-button-icon\">\n\t\t\t\t\t\t\t\t\t<i aria-hidden=\"true\" class=\" icon_mail\"><\/i>\t\t\t\t\t\t\t\t\t\t\t\t\t\t\t\t\t<\/span>\n\t\t\t\t\t\t\t\t\t\t\t\t\t\t\t\t\t\t\t\t\t\t<span class=\"elementor-button-text\">Po\u0161alji<\/span>\n\t\t\t\t\t\t\t\t\t\t\t\t\t<\/span>\n\t\t\t\t\t<\/button>\n\t\t\t\t<\/div>\n\t\t\t<\/div>\n\t\t<\/form>\n\t\t\t\t\t\t<\/div>\n\t\t\t\t<\/div>\n\t\t\t\t<\/div>\n\t\t\t\t<\/div>\n\t\t\t\t\t<\/div>\n\t\t\t\t<\/div>\n\t\t\t\t<\/div>\n\t\t","protected":false},"excerpt":{"rendered":"<p>Convert d.o.o. O Nama O nama CONVERT D.O.O Tako\u0111er se bavimo prodajom profesionalnih hemijskih sr\u0435dstava i pribora za \u010di\u0161\u0107enje i odr\u017eavanje higijene u proizvodnim, poslovnim i \u017eivotnim prostorima, ugradnjom i servisiranjem svih vrsta dr\u017ea\u010da potro\u0161nog toaletnog i higijenskog materijala, kao i prodajom mnogih drugih potro\u0161nih proizvoda vezanih za higijenu. Na\u0161i proizvodi uveliko doprinose pobolj\u0161anju higijene [&hellip;]<\/p>\n","protected":false},"author":1,"featured_media":0,"parent":0,"menu_order":0,"comment_status":"closed","ping_status":"closed","template":"elementor_header_footer","meta":{"_acf_changed":false,"footnotes":""},"class_list":["post-509","page","type-page","status-publish","hentry"],"acf":[],"_links":{"self":[{"href":"https:\/\/convert.ba\/index.php\/wp-json\/wp\/v2\/pages\/509","targetHints":{"allow":["GET"]}}],"collection":[{"href":"https:\/\/convert.ba\/index.php\/wp-json\/wp\/v2\/pages"}],"about":[{"href":"https:\/\/convert.ba\/index.php\/wp-json\/wp\/v2\/types\/page"}],"author":[{"embeddable":true,"href":"https:\/\/convert.ba\/index.php\/wp-json\/wp\/v2\/users\/1"}],"replies":[{"embeddable":true,"href":"https:\/\/convert.ba\/index.php\/wp-json\/wp\/v2\/comments?post=509"}],"version-history":[{"count":40,"href":"https:\/\/convert.ba\/index.php\/wp-json\/wp\/v2\/pages\/509\/revisions"}],"predecessor-version":[{"id":3208,"href":"https:\/\/convert.ba\/index.php\/wp-json\/wp\/v2\/pages\/509\/revisions\/3208"}],"wp:attachment":[{"href":"https:\/\/convert.ba\/index.php\/wp-json\/wp\/v2\/media?parent=509"}],"curies":[{"name":"wp","href":"https:\/\/api.w.org\/{rel}","templated":true}]}}