{"id":2917,"date":"2024-06-26T11:35:49","date_gmt":"2024-06-26T09:35:49","guid":{"rendered":"https:\/\/www.convert.ba\/?post_type=product&amp;p=2917"},"modified":"2024-06-26T11:35:49","modified_gmt":"2024-06-26T09:35:49","slug":"osvjezivac-wc-skoljke","status":"publish","type":"product","link":"https:\/\/convert.ba\/index.php\/product\/osvjezivac-wc-skoljke\/","title":{"rendered":"Osvje\u017eiva\u010d WC \u0160koljke"},"content":{"rendered":"","protected":false},"excerpt":{"rendered":"","protected":false},"featured_media":2918,"comment_status":"open","ping_status":"closed","template":"","meta":{"_acf_changed":false},"product_brand":[],"product_cat":[28],"product_tag":[],"class_list":{"0":"post-2917","1":"product","2":"type-product","3":"status-publish","4":"has-post-thumbnail","6":"product_cat-osvjezivaci-prostora-pribor-i-oprema-za-ciscenje","8":"first","9":"instock","10":"shipping-taxable","11":"product-type-simple"},"acf":[],"_links":{"self":[{"href":"https:\/\/convert.ba\/index.php\/wp-json\/wp\/v2\/product\/2917","targetHints":{"allow":["GET"]}}],"collection":[{"href":"https:\/\/convert.ba\/index.php\/wp-json\/wp\/v2\/product"}],"about":[{"href":"https:\/\/convert.ba\/index.php\/wp-json\/wp\/v2\/types\/product"}],"replies":[{"embeddable":true,"href":"https:\/\/convert.ba\/index.php\/wp-json\/wp\/v2\/comments?post=2917"}],"wp:featuredmedia":[{"embeddable":true,"href":"https:\/\/convert.ba\/index.php\/wp-json\/wp\/v2\/media\/2918"}],"wp:attachment":[{"href":"https:\/\/convert.ba\/index.php\/wp-json\/wp\/v2\/media?parent=2917"}],"wp:term":[{"taxonomy":"product_brand","embeddable":true,"href":"https:\/\/convert.ba\/index.php\/wp-json\/wp\/v2\/product_brand?post=2917"},{"taxonomy":"product_cat","embeddable":true,"href":"https:\/\/convert.ba\/index.php\/wp-json\/wp\/v2\/product_cat?post=2917"},{"taxonomy":"product_tag","embeddable":true,"href":"https:\/\/convert.ba\/index.php\/wp-json\/wp\/v2\/product_tag?post=2917"}],"curies":[{"name":"wp","href":"https:\/\/api.w.org\/{rel}","templated":true}]}}