{"id":3061,"date":"2024-07-05T10:07:12","date_gmt":"2024-07-05T08:07:12","guid":{"rendered":"https:\/\/www.convert.ba\/?post_type=product&amp;p=3061"},"modified":"2024-07-05T10:07:12","modified_gmt":"2024-07-05T08:07:12","slug":"drzac-ubrusa-u-rolni-centralno-izvlacenje-transparentni","status":"publish","type":"product","link":"https:\/\/convert.ba\/index.php\/product\/drzac-ubrusa-u-rolni-centralno-izvlacenje-transparentni\/","title":{"rendered":"Dr\u017ea\u010d ubrusa u rolni centralno izvla\u010denje transparentni"},"content":{"rendered":"","protected":false},"excerpt":{"rendered":"","protected":false},"featured_media":3062,"comment_status":"open","ping_status":"closed","template":"","meta":{"_acf_changed":false},"product_brand":[],"product_cat":[33],"product_tag":[],"class_list":{"0":"post-3061","1":"product","2":"type-product","3":"status-publish","4":"has-post-thumbnail","6":"product_cat-drzaci-dispenzeri","8":"first","9":"instock","10":"shipping-taxable","11":"product-type-simple"},"acf":[],"_links":{"self":[{"href":"https:\/\/convert.ba\/index.php\/wp-json\/wp\/v2\/product\/3061","targetHints":{"allow":["GET"]}}],"collection":[{"href":"https:\/\/convert.ba\/index.php\/wp-json\/wp\/v2\/product"}],"about":[{"href":"https:\/\/convert.ba\/index.php\/wp-json\/wp\/v2\/types\/product"}],"replies":[{"embeddable":true,"href":"https:\/\/convert.ba\/index.php\/wp-json\/wp\/v2\/comments?post=3061"}],"wp:featuredmedia":[{"embeddable":true,"href":"https:\/\/convert.ba\/index.php\/wp-json\/wp\/v2\/media\/3062"}],"wp:attachment":[{"href":"https:\/\/convert.ba\/index.php\/wp-json\/wp\/v2\/media?parent=3061"}],"wp:term":[{"taxonomy":"product_brand","embeddable":true,"href":"https:\/\/convert.ba\/index.php\/wp-json\/wp\/v2\/product_brand?post=3061"},{"taxonomy":"product_cat","embeddable":true,"href":"https:\/\/convert.ba\/index.php\/wp-json\/wp\/v2\/product_cat?post=3061"},{"taxonomy":"product_tag","embeddable":true,"href":"https:\/\/convert.ba\/index.php\/wp-json\/wp\/v2\/product_tag?post=3061"}],"curies":[{"name":"wp","href":"https:\/\/api.w.org\/{rel}","templated":true}]}}