{"id":3063,"date":"2024-07-05T10:07:37","date_gmt":"2024-07-05T08:07:37","guid":{"rendered":"https:\/\/www.convert.ba\/?post_type=product&amp;p=3063"},"modified":"2024-07-05T10:07:37","modified_gmt":"2024-07-05T08:07:37","slug":"drzac-ubrusa-u-rolni-sa-rucicom-bijeli","status":"publish","type":"product","link":"https:\/\/convert.ba\/index.php\/product\/drzac-ubrusa-u-rolni-sa-rucicom-bijeli\/","title":{"rendered":"Dr\u017ea\u010d ubrusa u rolni sa ru\u010dicom &#8211; BIJELI"},"content":{"rendered":"","protected":false},"excerpt":{"rendered":"","protected":false},"featured_media":3064,"comment_status":"open","ping_status":"closed","template":"","meta":{"_acf_changed":false},"product_brand":[],"product_cat":[33],"product_tag":[],"class_list":{"0":"post-3063","1":"product","2":"type-product","3":"status-publish","4":"has-post-thumbnail","6":"product_cat-drzaci-dispenzeri","8":"first","9":"instock","10":"shipping-taxable","11":"product-type-simple"},"acf":[],"_links":{"self":[{"href":"https:\/\/convert.ba\/index.php\/wp-json\/wp\/v2\/product\/3063","targetHints":{"allow":["GET"]}}],"collection":[{"href":"https:\/\/convert.ba\/index.php\/wp-json\/wp\/v2\/product"}],"about":[{"href":"https:\/\/convert.ba\/index.php\/wp-json\/wp\/v2\/types\/product"}],"replies":[{"embeddable":true,"href":"https:\/\/convert.ba\/index.php\/wp-json\/wp\/v2\/comments?post=3063"}],"wp:featuredmedia":[{"embeddable":true,"href":"https:\/\/convert.ba\/index.php\/wp-json\/wp\/v2\/media\/3064"}],"wp:attachment":[{"href":"https:\/\/convert.ba\/index.php\/wp-json\/wp\/v2\/media?parent=3063"}],"wp:term":[{"taxonomy":"product_brand","embeddable":true,"href":"https:\/\/convert.ba\/index.php\/wp-json\/wp\/v2\/product_brand?post=3063"},{"taxonomy":"product_cat","embeddable":true,"href":"https:\/\/convert.ba\/index.php\/wp-json\/wp\/v2\/product_cat?post=3063"},{"taxonomy":"product_tag","embeddable":true,"href":"https:\/\/convert.ba\/index.php\/wp-json\/wp\/v2\/product_tag?post=3063"}],"curies":[{"name":"wp","href":"https:\/\/api.w.org\/{rel}","templated":true}]}}